{"id":6938,"date":"2022-09-12T07:57:31","date_gmt":"2022-09-12T06:57:31","guid":{"rendered":"https:\/\/publivan.cat\/accesibilidad\/"},"modified":"2024-09-30T12:29:59","modified_gmt":"2024-09-30T11:29:59","slug":"accesibilidad","status":"publish","type":"page","link":"https:\/\/publivan.cat\/ca\/accesibilidad\/","title":{"rendered":"Accesibilidad"},"content":{"rendered":"<p>[vc_row css=&#8221;.vc_custom_1678877094730{padding-top: 30px !important;padding-bottom: 30px !important;}&#8221;][vc_column][vc_column_text]<\/p>\n<div class=\"block block-layout-builder block-field-blocknodepagebody\">\n<div class=\"clearfix text-formatted field field--name-body field--type-text-with-summary field--label-hidden field__item\">\n<p>Aquesta declaraci\u00f3 d&#8217;accessibilitat s&#8217;aplica al lloc web https:\/\/publivan.cat:<\/p>\n<h3>Declaraci\u00f3 d&#8217;accessibilitat<\/h3>\n<h4>Pol\u00edtica d&#8217;accessibilitat<\/h4>\n<p>L&#8217;empresa ESTEVE MART\u00cdNEZ VILAPLANA s&#8217;ha comprom\u00e8s a fer accessible el vostre lloc web de conformitat amb el Reial Decret 1112\/2018, de 7 de setembre, sobre accessibilitat dels llocs web i aplicacions per a dispositius m\u00f2bils del sector p\u00fablic, o desenvolupaments finan\u00e7ats des d&#8217;Europa.<\/p>\n<p>Aquesta declaraci\u00f3 d&#8217;accessibilitat s&#8217;aplica al lloc web https:\/\/publivan.cat excloent-ne els continguts incrustats provinents d&#8217;altres dominis.<\/p>\n<p>Situaci\u00f3 de compliment<\/p>\n<p>Aquest lloc web \u00e9s parcialment conforme amb el RD 1112\/2018 a causa de la manca de conformitat dels aspectes que s&#8217;indiquen a continuaci\u00f3.<\/p>\n<h3>Contingut no accessible<\/h3>\n<p>El contingut que es recull a continuaci\u00f3 no \u00e9s accessible pels motius seg\u00fcents:<\/p>\n<h4>Manca de conformitat:<\/h4>\n<p>Poden existir algunes imatges l&#8217;alternativa de les quals no estigui implementada o no sigui correcta &#8211; \u2013 Requisit 9.1.1.1 Contingut no textual UNE-EN 301549:2022<br \/>\nAls formularis, hi pot haver camps que no s&#8217;hagin facilitat l&#8217;emplenament a trav\u00e9s de sistemes autom\u00e0tics \u2013 Requisit 9.1.3.5 Identificar el prop\u00f2sit de l&#8217;entrada UNE-EN 301549:2022<br \/>\nPodrien haver-hi errors puntuals d&#8217;edici\u00f3 en alguna p\u00e0gina web.<br \/>\nC\u00e0rrega desproporcionada: No \u00e9s aplicable.<br \/>\nEl contingut no entra dins l\u00e0mbit de la legislaci\u00f3 aplicable.<\/p>\n<p>Podrien existir fitxers ofim\u00e0tics en PDF o altres formats publicats abans del 20 de setembre de 2018 que no compleixin \u00edntegrament tots els requisits d&#8217;accessibilitat.<br \/>\nHi pot haver continguts de tercers que no estiguin desenvolupats en aquesta Unitat, ni sota el seu control, com a fitxers ofim\u00e0tics de diferents organismes que s&#8217;hagin de publicar en aquest lloc.<\/p>\n<h3>Observacions i dades de contacte<\/h3>\n<p>Podeu realitzar comunicacions sobre requisits d&#8217;accessibilitat [article 10.2.a) del RD 1112\/2018 com, per exemple:<\/p>\n<p>Informar sobre qualsevol possible incompliment per part daquest lloc web.<br \/>\nTransmetre altres dificultats dacc\u00e9s al contingut.<br \/>\nFormular qualsevol altra consulta o suggeriment de millora relativa a l&#8217;accessibilitat del lloc web a trav\u00e9s del seg\u00fcent formulari de contacte o trucant al tel\u00e8fon (+34) 615 04 58 06 de 9 a 14 hores de dilluns a divendres.<\/p>\n<h4>Podeu presentar:<\/h4>\n<p>Una queixa relativa al compliment dels requisits del RD 1112\/2018<br \/>\nUna sol\u00b7licitud d&#8217;informaci\u00f3 accessible relativa a:<br \/>\nContinguts que estan exclosos de l\u00e0mbit daplicaci\u00f3 del RD 1112\/2018 segons el que estableix larticle 3, apartat 4.<br \/>\nContinguts que estan exempts del compliment dels requisits daccessibilitat per imposar una c\u00e0rrega desproporcionada.<\/p>\n<p>A la sol\u00b7licitud d&#8217;informaci\u00f3 accessible, cal concretar, amb tota claredat, els fets, les raons i la petici\u00f3 que permetin constatar que es tracta d&#8217;una sol\u00b7licitud raonable i leg\u00edtima.<\/p>\n<h3>CONTINGUT OPCIONAL<\/h3>\n<p>Aquest web est\u00e0 dissenyat per poder canviar la mida del text i el color, aix\u00ed com el fons de la p\u00e0gina mitjan\u00e7ant les opcions de configuraci\u00f3 est\u00e0ndard dels navegadors.<\/p>\n<p>Si voleu canviar la mida de lletra del text als principals navegadors gr\u00e0fics utilitzeu els men\u00fas seg\u00fcents:<\/p>\n<p>Internet Explorer, Mozilla i Firefox: Veure &gt; Mida del text<br \/>\nOpera: Veure &gt; Zoom<br \/>\nSafari: Veure &gt; Fer el text m\u00e9s gran<br \/>\nChrome: Controla la p\u00e0gina actual &gt; Mida del text<br \/>\nPer modificar la mida de tot a la p\u00e0gina:<br \/>\nCtrl + + per augmentar-ho<br \/>\nCtrl + &#8211; per disminuir-ho<br \/>\nCtrl + 0 restaura la mida original del text<\/p>\n<\/div>\n<\/div>\n<p>[\/vc_column_text][\/vc_column][\/vc_row]<\/p>\n","protected":false},"excerpt":{"rendered":"<p>[vc_row css=&#8221;.vc_custom_1678877094730{padding-top: 30px !important;padding-bottom: 30px !important;}&#8221;][vc_column][vc_column_text] Aquesta declaraci\u00f3 d&#8217;accessibilitat s&#8217;aplica al lloc web https:\/\/publivan.cat: Declaraci\u00f3 d&#8217;accessibilitat Pol\u00edtica d&#8217;accessibilitat L&#8217;empresa ESTEVE MART\u00cdNEZ VILAPLANA s&#8217;ha comprom\u00e8s a fer accessible el vostre lloc web de conformitat amb el Reial Decret 1112\/2018, de 7 de setembre, sobre accessibilitat dels llocs web i aplicacions per a dispositius m\u00f2bils del sector [&hellip;]<\/p>\n","protected":false},"author":1,"featured_media":0,"parent":0,"menu_order":0,"comment_status":"closed","ping_status":"open","template":"","meta":{"_seopress_robots_primary_cat":"","_seopress_titles_title":"","_seopress_titles_desc":"","_seopress_robots_index":"","_joinchat":[],"footnotes":""},"class_list":["post-6938","page","type-page","status-publish","hentry"],"_links":{"self":[{"href":"https:\/\/publivan.cat\/ca\/wp-json\/wp\/v2\/pages\/6938","targetHints":{"allow":["GET"]}}],"collection":[{"href":"https:\/\/publivan.cat\/ca\/wp-json\/wp\/v2\/pages"}],"about":[{"href":"https:\/\/publivan.cat\/ca\/wp-json\/wp\/v2\/types\/page"}],"author":[{"embeddable":true,"href":"https:\/\/publivan.cat\/ca\/wp-json\/wp\/v2\/users\/1"}],"replies":[{"embeddable":true,"href":"https:\/\/publivan.cat\/ca\/wp-json\/wp\/v2\/comments?post=6938"}],"version-history":[{"count":3,"href":"https:\/\/publivan.cat\/ca\/wp-json\/wp\/v2\/pages\/6938\/revisions"}],"predecessor-version":[{"id":6999,"href":"https:\/\/publivan.cat\/ca\/wp-json\/wp\/v2\/pages\/6938\/revisions\/6999"}],"wp:attachment":[{"href":"https:\/\/publivan.cat\/ca\/wp-json\/wp\/v2\/media?parent=6938"}],"curies":[{"name":"wp","href":"https:\/\/api.w.org\/{rel}","templated":true}]}}